{"id":104,"date":"2019-11-22T09:07:33","date_gmt":"2019-11-22T08:07:33","guid":{"rendered":"http:\/\/gemeinde.ahlerstedt.de\/?page_id=104"},"modified":"2023-01-11T22:02:58","modified_gmt":"2023-01-11T21:02:58","slug":"soziale-dorfentwicklung","status":"publish","type":"page","link":"https:\/\/gemeinde.ahlerstedt.de\/?page_id=104","title":{"rendered":"Soziale Dorfentwicklung"},"content":{"rendered":"\n<h2 class=\"wp-block-heading\"><em>Was ist Soziale Dorfentwicklung?<\/em><\/h2>\n\n\n\n<p>Die Gemeinde Ahlerstedt\nist im Jahr 2018 in das F\u00f6rderprogramm des Landes Niedersachsens \u201eSoziale\nDorfentwicklung\u201c aufgenommen worden. Mithilfe dieses F\u00f6rderprogramms ist\nes m\u00f6glich, unsere D\u00f6rfer innerhalb der Gemeinde noch attraktiver und\nlebendiger zu gestalten.<\/p>\n\n\n\n<p>Alle Bewohner der\nGemeinde haben nun die M\u00f6glichkeit, sich nach den jeweiligen Vorlieben\neinzubringen und die eigene Heimat ein St\u00fcck mitzugestalten. Ob alteingesessen\noder zugezogen, jung oder \u00e4lter \u2013 jede\/r ist herzlich eingeladen mitzumachen!<\/p>\n\n\n\n<p>F\u00fcr jeden Ort haben sich 2 bis 4 Personen ehrenamtlich zu sogenannten Dorfmoderatoren weiterbilden lassen, die den gesamten Prozess \u00fcber die n\u00e4chsten Jahre begleiten werden. Wichtig ist den Dorfmoderatoren, dass wirklich jede\/r die M\u00f6glichkeit hat sich aktiv und zwanglos einzubringen.<\/p>\n\n\n\n<h2 class=\"wp-block-heading\"><em>Wie funktioniert Soziale Dorfentwicklung?<\/em><\/h2>\n\n\n\n<p>Das F\u00f6rderprogramm gliedert sich in zwei Phasen:<\/p>\n\n\n\n<p>In Phase Eins werden in jedem Dorf von den Dorfmoderatoren\nDorfgespr\u00e4che organisiert, um Ideen zu sammeln und im besten Fall auch schon\nkleinere Projekte umzusetzen. <\/p>\n\n\n\n<p>Die Erfahrungen aus Phase Eins werden als Grundlage f\u00fcr\nPhase Zwei genutzt, um das Regiebuch f\u00fcr die Dorfentwicklung, den\nDorfentwicklungsplan, zu gestalten. Mit diesem wird dann die Beantragung von\nDE-F\u00f6rdermitteln in der Umsetzungsphase m\u00f6glich.<\/p>\n\n\n\n<h2 class=\"wp-block-heading\"><em>Wie kann das Ganze gelingen?<\/em><\/h2>\n\n\n\n<p><strong>Nur mit ganz vielen\nMitmachern!<\/strong> Jeder kann <strong>jederzeit<\/strong>\neinsteigen und sich einbringen. \u00dcber die n\u00e4chsten Termine in Eurem Wohnort\nk\u00f6nnt ihr Euch auf dieser Seite informieren. Nat\u00fcrlich ist es auch m\u00f6glich nur\nIdeen einzubringen oder Euch direkt an Eure \u201ezust\u00e4ndigen\u201c Dorfmoderatoren zu wenden.\nDie Kontaktdaten findet Ihr weiter unten.<\/p>\n\n\n\n<p>Wir hoffen, dass wir nicht alleine dastehen und freuen uns auf viele tolle Projekte, die wir gemeinsam f\u00fcr unser Zuhause umsetzen k\u00f6nnen! Eure Dorfmodertoren<\/p>\n\n\n\n<h2 class=\"wp-block-heading\">Eure Dorfmoderatorinnen\/ -moderatoren<\/h2>\n\n\n\n<figure class=\"wp-block-image size-large\"><img loading=\"lazy\" decoding=\"async\" width=\"1024\" height=\"437\" src=\"https:\/\/gemeinde.ahlerstedt.de\/wp-content\/uploads\/2019\/11\/344471_XL-1024x437.jpg\" alt=\"\" class=\"wp-image-40\" srcset=\"https:\/\/gemeinde.ahlerstedt.de\/wp-content\/uploads\/2019\/11\/344471_XL-1024x437.jpg 1024w, https:\/\/gemeinde.ahlerstedt.de\/wp-content\/uploads\/2019\/11\/344471_XL-300x128.jpg 300w, https:\/\/gemeinde.ahlerstedt.de\/wp-content\/uploads\/2019\/11\/344471_XL-768x328.jpg 768w, https:\/\/gemeinde.ahlerstedt.de\/wp-content\/uploads\/2019\/11\/344471_XL.jpg 1200w\" sizes=\"auto, (max-width: 1024px) 100vw, 1024px\" \/><\/figure>\n\n\n\n<div class=\"wp-block-columns is-layout-flex wp-container-core-columns-is-layout-9d6595d7 wp-block-columns-is-layout-flex\">\n<div class=\"wp-block-column is-layout-flow wp-block-column-is-layout-flow\">\n<h2 class=\"wp-block-heading\">Ahlerstedt<\/h2>\n\n\n\n<ul class=\"wp-block-list\"><li>Maren Klug<\/li><li>Sascha Meibohm<\/li><li>Jens Engel<\/li><\/ul>\n\n\n\n<div class=\"wp-block-button is-style-fill\"><a class=\"wp-block-button__link has-vivid-green-cyan-background-color has-background\" href=\"mailto:ahlerstedt@gemeinde.ahlerstedt.de?subject=Kontakt%20Soziale%20Dorfentwicklung\" style=\"border-radius:2px\">E-mail senden<\/a><\/div>\n<\/div>\n\n\n\n<div class=\"wp-block-column is-layout-flow wp-block-column-is-layout-flow\">\n<h2 class=\"wp-block-heading\">Ahrensmoor<\/h2>\n\n\n\n<ul class=\"wp-block-list\"><li>Hartmut Meyer<\/li><li>Heidi Tobaben<\/li><li>Thilo Kr\u00f6ger<\/li><li>Tobias L\u00fchmann<\/li><\/ul>\n\n\n\n<div class=\"wp-block-button is-style-fill\"><a class=\"wp-block-button__link has-vivid-green-cyan-background-color has-background\" href=\"mailto:ahrensmoor@gemeinde.ahlerstedt.de?subject=Kontakt%20Soziale%20Dorfentwicklung\" style=\"border-radius:2px\">E-mail senden<\/a><\/div>\n<\/div>\n\n\n\n<div class=\"wp-block-column is-layout-flow wp-block-column-is-layout-flow\">\n<h2 class=\"wp-block-heading\">Ahrenswohlde<\/h2>\n\n\n\n<ul class=\"wp-block-list\"><li>Alexandra Hagenguth<\/li><li>Annika Allers<\/li><li>Elli Heins<\/li><li>Sascha Wei\u00df<\/li><\/ul>\n\n\n\n<div class=\"wp-block-button is-style-fill\"><a class=\"wp-block-button__link has-vivid-green-cyan-background-color has-background\" href=\"mailto:ahrenswohlde@gemeinde.ahlerstedt.de?subject=Kontakt%20Soziale%20Dorfentwicklung\" style=\"border-radius:2px\">E-mail senden<\/a><\/div>\n<\/div>\n<\/div>\n\n\n\n<div class=\"wp-block-columns is-layout-flex wp-container-core-columns-is-layout-9d6595d7 wp-block-columns-is-layout-flex\">\n<div class=\"wp-block-column is-layout-flow wp-block-column-is-layout-flow\">\n<h2 class=\"wp-block-heading\">Bokel<\/h2>\n\n\n\n<ul class=\"wp-block-list\"><li>Ansgar Corleis<\/li><li>Jan Tobaben<\/li><li>Marco Jongma<\/li><\/ul>\n\n\n\n<div class=\"wp-block-button is-style-fill\"><a class=\"wp-block-button__link has-vivid-green-cyan-background-color has-background\" href=\"mailto:bokel@gemeinde.ahlerstedt.de?subject=Kontakt%20Soziale%20Dorfentwicklung\" style=\"border-radius:2px\">E-mail senden<\/a><\/div>\n<\/div>\n\n\n\n<div class=\"wp-block-column is-layout-flow wp-block-column-is-layout-flow\">\n<h2 class=\"wp-block-heading\">Kakerbeck<\/h2>\n\n\n\n<ul class=\"wp-block-list\"><li>Maren Schacknies<\/li><li>Steffen Gerken<\/li><li>Tina Wierzbicki<\/li><\/ul>\n\n\n\n<div class=\"wp-block-button is-style-fill\"><a class=\"wp-block-button__link has-vivid-green-cyan-background-color has-background\" href=\"mailto:kakerbeck@gemeinde.ahlerstedt.de?subject=Kontakt%20Soziale%20Dorfentwicklung\" style=\"border-radius:2px\">E-mail senden<\/a><\/div>\n<\/div>\n\n\n\n<div class=\"wp-block-column is-layout-flow wp-block-column-is-layout-flow\">\n<h2 class=\"wp-block-heading\">Oersdorf<\/h2>\n\n\n\n<ul class=\"wp-block-list\"><li>Thomas Fitschen<\/li><li>Mike van Roon<\/li><li>Nadine Pahl<\/li><li>Silke Arndt<\/li><\/ul>\n\n\n\n<div class=\"wp-block-button is-style-fill\"><a class=\"wp-block-button__link has-vivid-green-cyan-background-color has-background\" href=\"mailto:oersdorf@gemeinde.ahlerstedt.de?subject=Kontakt%20Soziale%20Dorfentwicklung\" style=\"border-radius:2px\">E-mail senden<\/a><\/div>\n<\/div>\n<\/div>\n\n\n\n<div class=\"wp-block-columns is-layout-flex wp-container-core-columns-is-layout-9d6595d7 wp-block-columns-is-layout-flex\">\n<div class=\"wp-block-column is-layout-flow wp-block-column-is-layout-flow\">\n<h2 class=\"wp-block-heading\">Ottendorf \/ Klethen<\/h2>\n\n\n\n<ul class=\"wp-block-list\"><li>Insa M\u00fcller-L\u00f6hden<\/li><li>Romy Husung<\/li><li>Helmut K\u00fchl <\/li><li>Beate Michaelis<\/li><\/ul>\n\n\n\n<div class=\"wp-block-button is-style-fill\"><a class=\"wp-block-button__link has-vivid-green-cyan-background-color has-background\" href=\"mailto:ottendorf-klethen@gemeinde.ahlerstedt.de?subject=Kontakt%20Soziale%20Dorfentwicklung\" style=\"border-radius:2px\">E-mail senden<\/a><\/div>\n<\/div>\n\n\n\n<div class=\"wp-block-column is-layout-flow wp-block-column-is-layout-flow\">\n<h2 class=\"wp-block-heading\">Wangersen<\/h2>\n\n\n\n<ul class=\"wp-block-list\"><li>Nils M\u00f6ller<\/li><li>Thomas B\u00f6sch<\/li><li>Marina Brinkmann<\/li><li>Florian Schubert<\/li><\/ul>\n\n\n\n<div class=\"wp-block-button is-style-fill\"><a class=\"wp-block-button__link has-vivid-green-cyan-background-color has-background\" href=\"mailto:wangersen@gemeinde.ahlerstedt.de?subject=Kontakt%20Soziale%20Dorfentwicklung\" style=\"border-radius:2px\">E-mail senden<\/a><\/div>\n<\/div>\n\n\n\n<div class=\"wp-block-column is-layout-flow wp-block-column-is-layout-flow\"><\/div>\n<\/div>\n","protected":false},"excerpt":{"rendered":"<p>Was ist Soziale Dorfentwicklung? Die Gemeinde Ahlerstedt ist im Jahr 2018 in das F\u00f6rderprogramm des Landes Niedersachsens \u201eSoziale Dorfentwicklung\u201c aufgenommen worden. Mithilfe dieses F\u00f6rderprogramms ist es m\u00f6glich, unsere D\u00f6rfer innerhalb der Gemeinde noch attraktiver und lebendiger zu gestalten. Alle Bewohner der Gemeinde haben nun die M\u00f6glichkeit, sich nach den jeweiligen Vorlieben einzubringen und die&#8230;<\/p>\n<p class=\"read-more\"><a class=\"btn btn-default\" href=\"https:\/\/gemeinde.ahlerstedt.de\/?page_id=104\">Weiterlesen<span class=\"screen-reader-text\"> Weiterlesen<\/span><\/a><\/p>\n","protected":false},"author":2,"featured_media":0,"parent":0,"menu_order":0,"comment_status":"closed","ping_status":"closed","template":"","meta":{"_uag_custom_page_level_css":"","footnotes":""},"class_list":["post-104","page","type-page","status-publish","hentry"],"uagb_featured_image_src":{"full":false,"thumbnail":false,"medium":false,"medium_large":false,"large":false,"1536x1536":false,"2048x2048":false,"post-thumbnail":false,"nisargpro-full-width":false},"uagb_author_info":{"display_name":"S\u00f6ren Arndt","author_link":"https:\/\/gemeinde.ahlerstedt.de\/?author=2"},"uagb_comment_info":0,"uagb_excerpt":"Was ist Soziale Dorfentwicklung? Die Gemeinde Ahlerstedt ist im Jahr 2018 in das F\u00f6rderprogramm des Landes Niedersachsens \u201eSoziale Dorfentwicklung\u201c aufgenommen worden. Mithilfe dieses F\u00f6rderprogramms ist es m\u00f6glich, unsere D\u00f6rfer innerhalb der Gemeinde noch attraktiver und lebendiger zu gestalten. Alle Bewohner der Gemeinde haben nun die M\u00f6glichkeit, sich nach den jeweiligen Vorlieben einzubringen und die...Weiterlesen Weiterlesen","_links":{"self":[{"href":"https:\/\/gemeinde.ahlerstedt.de\/index.php?rest_route=\/wp\/v2\/pages\/104","targetHints":{"allow":["GET"]}}],"collection":[{"href":"https:\/\/gemeinde.ahlerstedt.de\/index.php?rest_route=\/wp\/v2\/pages"}],"about":[{"href":"https:\/\/gemeinde.ahlerstedt.de\/index.php?rest_route=\/wp\/v2\/types\/page"}],"author":[{"embeddable":true,"href":"https:\/\/gemeinde.ahlerstedt.de\/index.php?rest_route=\/wp\/v2\/users\/2"}],"replies":[{"embeddable":true,"href":"https:\/\/gemeinde.ahlerstedt.de\/index.php?rest_route=%2Fwp%2Fv2%2Fcomments&post=104"}],"version-history":[{"count":11,"href":"https:\/\/gemeinde.ahlerstedt.de\/index.php?rest_route=\/wp\/v2\/pages\/104\/revisions"}],"predecessor-version":[{"id":32669,"href":"https:\/\/gemeinde.ahlerstedt.de\/index.php?rest_route=\/wp\/v2\/pages\/104\/revisions\/32669"}],"wp:attachment":[{"href":"https:\/\/gemeinde.ahlerstedt.de\/index.php?rest_route=%2Fwp%2Fv2%2Fmedia&parent=104"}],"curies":[{"name":"wp","href":"https:\/\/api.w.org\/{rel}","templated":true}]}}