{"id":17,"date":"2019-11-22T07:19:54","date_gmt":"2019-11-22T06:19:54","guid":{"rendered":"http:\/\/gemeinde.ahlerstedt.de\/?page_id=17"},"modified":"2020-06-08T19:23:30","modified_gmt":"2020-06-08T17:23:30","slug":"start","status":"publish","type":"page","link":"https:\/\/gemeinde.ahlerstedt.de\/","title":{"rendered":"Herzlich Willkommen auf der Website der sozialen Dorfentwicklung in der Gemeinde Ahlerstedt"},"content":{"rendered":"\n<h2 class=\"wp-block-heading\">Unsere aktuellen Themen<\/h2>\n\n\n\n\t\t\t<div class=\"wp-block-uagb-post-masonry uagb-post-grid  uagb-post__image-position-top uagb-post__image-enabled uagb-block-38c2f924-732e-46df-bf3d-543aed92f08f     uagb-post__items uagb-post__columns-2 is-masonry uagb-post__columns-tablet-2 uagb-post__columns-mobile-1\" data-total=\"1\" style=\"\">\n\n\t\t\t\t\t\t\t\t\t\t\t\t<article class=\"uagb-post__inner-wrap\">\t\t\t\t\t\t\t\t<div class='uagb-post__image'>\n\t\t\t\t\t\t\t\t\t<a href=\"https:\/\/gemeinde.ahlerstedt.de\/?p=32630\" target=\"_self\" rel=\"bookmark noopener noreferrer\"><img loading=\"lazy\" decoding=\"async\" width=\"640\" height=\"853\" src=\"https:\/\/gemeinde.ahlerstedt.de\/wp-content\/uploads\/2022\/09\/WhatsApp-Image-2022-09-22-at-10.18.08-768x1024.jpeg\" class=\"attachment-large size-large\" alt=\"\" srcset=\"https:\/\/gemeinde.ahlerstedt.de\/wp-content\/uploads\/2022\/09\/WhatsApp-Image-2022-09-22-at-10.18.08-768x1024.jpeg 768w, https:\/\/gemeinde.ahlerstedt.de\/wp-content\/uploads\/2022\/09\/WhatsApp-Image-2022-09-22-at-10.18.08-225x300.jpeg 225w, https:\/\/gemeinde.ahlerstedt.de\/wp-content\/uploads\/2022\/09\/WhatsApp-Image-2022-09-22-at-10.18.08-1152x1536.jpeg 1152w, https:\/\/gemeinde.ahlerstedt.de\/wp-content\/uploads\/2022\/09\/WhatsApp-Image-2022-09-22-at-10.18.08-203x270.jpeg 203w, https:\/\/gemeinde.ahlerstedt.de\/wp-content\/uploads\/2022\/09\/WhatsApp-Image-2022-09-22-at-10.18.08-749x999.jpeg 749w, https:\/\/gemeinde.ahlerstedt.de\/wp-content\/uploads\/2022\/09\/WhatsApp-Image-2022-09-22-at-10.18.08.jpeg 1512w\" sizes=\"auto, (max-width: 640px) 100vw, 640px\" \/>\t\t\t\t\t<\/a>\n\t\t\t\t\t\t\t\t\t<\/div>\n\t\t\t\t\t\t<h4 class=\"uagb-post__title uagb-post__text\">\n\t\t\t\t<a href=\"https:\/\/gemeinde.ahlerstedt.de\/?p=32630\" target=\"_self\" rel=\"bookmark noopener noreferrer\">Er\u00f6ffnung des Gemeinschaftsgartens Wangersen<\/a>\n\t\t\t<\/h4>\n\t\t\t\t\t\t<div class='uagb-post__text uagb-post-grid-byline'>\n\t\t\t\t\t\t\t\t<time datetime=\"2022-09-22T10:32:36+02:00\" class=\"uagb-post__date\">\n\t\t\t\t<span class=\"dashicons-calendar dashicons\"><\/span>\t\t\t\t\t22. September 2022\t\t\t\t<\/time>\n\t\t\t\t\t\t<\/div>\n\t\t\t\t\t\t\t<div class='uagb-post__text uagb-post__excerpt'>\n\t\t\t\t\t<p>Am 17.09.2022 wurde feierlich mit Spanferkelessen der Dorfgemeinschaftsgarten in Wangersen er\u00f6ffnet. Die Idee eines Gemeinschaftsgarten&#8230;\t\t\t\t<\/div>\n\t\t\t\t\t\t<div class=\"uagb-post__text uagb-post__cta wp-block-button\">\n\t\t\t\t<a class=\"wp-block-button__link uagb-text-link\" style=\"\" href=\"https:\/\/gemeinde.ahlerstedt.de\/?p=32630\" target=\"_self\" rel=\"bookmark noopener noreferrer\">Weiterlesen<\/a>\n\t\t\t<\/div>\n\t\t\t\n\t\t\t\t\t\t\t\t\t<\/article>\n\t\t\t\t\t\t\t\t\t\t\t\t\t\t\t\t<article class=\"uagb-post__inner-wrap\">\t\t\t\t\t\t\t\t<div class='uagb-post__image'>\n\t\t\t\t\t\t\t\t\t<a href=\"https:\/\/gemeinde.ahlerstedt.de\/?p=32508\" target=\"_self\" rel=\"bookmark noopener noreferrer\"><img loading=\"lazy\" decoding=\"async\" width=\"640\" height=\"480\" src=\"https:\/\/gemeinde.ahlerstedt.de\/wp-content\/uploads\/2021\/05\/AO-Busse-1024x768.jpg\" class=\"attachment-large size-large\" alt=\"\" srcset=\"https:\/\/gemeinde.ahlerstedt.de\/wp-content\/uploads\/2021\/05\/AO-Busse-1024x768.jpg 1024w, https:\/\/gemeinde.ahlerstedt.de\/wp-content\/uploads\/2021\/05\/AO-Busse-300x225.jpg 300w, https:\/\/gemeinde.ahlerstedt.de\/wp-content\/uploads\/2021\/05\/AO-Busse-768x576.jpg 768w, https:\/\/gemeinde.ahlerstedt.de\/wp-content\/uploads\/2021\/05\/AO-Busse-1536x1152.jpg 1536w, https:\/\/gemeinde.ahlerstedt.de\/wp-content\/uploads\/2021\/05\/AO-Busse-2048x1536.jpg 2048w, https:\/\/gemeinde.ahlerstedt.de\/wp-content\/uploads\/2021\/05\/AO-Busse-360x270.jpg 360w, https:\/\/gemeinde.ahlerstedt.de\/wp-content\/uploads\/2021\/05\/AO-Busse-850x638.jpg 850w\" sizes=\"auto, (max-width: 640px) 100vw, 640px\" \/>\t\t\t\t\t<\/a>\n\t\t\t\t\t\t\t\t\t<\/div>\n\t\t\t\t\t\t<h4 class=\"uagb-post__title uagb-post__text\">\n\t\t\t\t<a href=\"https:\/\/gemeinde.ahlerstedt.de\/?p=32508\" target=\"_self\" rel=\"bookmark noopener noreferrer\">car sharing mit Vereinsbussen von A\/O<\/a>\n\t\t\t<\/h4>\n\t\t\t\t\t\t<div class='uagb-post__text uagb-post-grid-byline'>\n\t\t\t\t\t\t\t\t<time datetime=\"2022-03-23T20:18:47+01:00\" class=\"uagb-post__date\">\n\t\t\t\t<span class=\"dashicons-calendar dashicons\"><\/span>\t\t\t\t\t23. M\u00e4rz 2022\t\t\t\t<\/time>\n\t\t\t\t\t\t<\/div>\n\t\t\t\t\t\t\t<div class='uagb-post__text uagb-post__excerpt'>\n\t\t\t\t\t<p>Der Fu\u00dfballverein SV A\/O\/B\/H\/H setzt mittlerweile auf den schl\u00fcssellosen Zugang der Vereinsbusse via App. Da&#8230;\t\t\t\t<\/div>\n\t\t\t\t\t\t<div class=\"uagb-post__text uagb-post__cta wp-block-button\">\n\t\t\t\t<a class=\"wp-block-button__link uagb-text-link\" style=\"\" href=\"https:\/\/gemeinde.ahlerstedt.de\/?p=32508\" target=\"_self\" rel=\"bookmark noopener noreferrer\">Weiterlesen<\/a>\n\t\t\t<\/div>\n\t\t\t\n\t\t\t\t\t\t\t\t\t<\/article>\n\t\t\t\t\t\t\t\t\t\t\t\t\t\t\t\t<article class=\"uagb-post__inner-wrap\">\t\t\t\t\t\t\t\t<div class='uagb-post__image'>\n\t\t\t\t\t\t\t\t\t<a href=\"https:\/\/gemeinde.ahlerstedt.de\/?p=32712\" target=\"_self\" rel=\"bookmark noopener noreferrer\"><img loading=\"lazy\" decoding=\"async\" width=\"640\" height=\"360\" src=\"https:\/\/gemeinde.ahlerstedt.de\/wp-content\/uploads\/2024\/07\/IMG-20240628-WA0004-1024x576.jpg\" class=\"attachment-large size-large\" alt=\"\" srcset=\"https:\/\/gemeinde.ahlerstedt.de\/wp-content\/uploads\/2024\/07\/IMG-20240628-WA0004-1024x576.jpg 1024w, https:\/\/gemeinde.ahlerstedt.de\/wp-content\/uploads\/2024\/07\/IMG-20240628-WA0004-300x169.jpg 300w, https:\/\/gemeinde.ahlerstedt.de\/wp-content\/uploads\/2024\/07\/IMG-20240628-WA0004-768x432.jpg 768w, https:\/\/gemeinde.ahlerstedt.de\/wp-content\/uploads\/2024\/07\/IMG-20240628-WA0004-1536x864.jpg 1536w, https:\/\/gemeinde.ahlerstedt.de\/wp-content\/uploads\/2024\/07\/IMG-20240628-WA0004-480x270.jpg 480w, https:\/\/gemeinde.ahlerstedt.de\/wp-content\/uploads\/2024\/07\/IMG-20240628-WA0004-850x478.jpg 850w, https:\/\/gemeinde.ahlerstedt.de\/wp-content\/uploads\/2024\/07\/IMG-20240628-WA0004.jpg 2016w\" sizes=\"auto, (max-width: 640px) 100vw, 640px\" \/>\t\t\t\t\t<\/a>\n\t\t\t\t\t\t\t\t\t<\/div>\n\t\t\t\t\t\t<h4 class=\"uagb-post__title uagb-post__text\">\n\t\t\t\t<a href=\"https:\/\/gemeinde.ahlerstedt.de\/?p=32712\" target=\"_self\" rel=\"bookmark noopener noreferrer\">Jahrestreffen Dorfmoderator*innen am 26.06.2024<\/a>\n\t\t\t<\/h4>\n\t\t\t\t\t\t<div class='uagb-post__text uagb-post-grid-byline'>\n\t\t\t\t\t\t\t\t<time datetime=\"2024-07-12T21:01:21+02:00\" class=\"uagb-post__date\">\n\t\t\t\t<span class=\"dashicons-calendar dashicons\"><\/span>\t\t\t\t\t12. Juli 2024\t\t\t\t<\/time>\n\t\t\t\t\t\t<\/div>\n\t\t\t\t\t\t\t<div class='uagb-post__text uagb-post__excerpt'>\n\t\t\t\t\t<p>Das j\u00e4hrliche Treffen aller Dorfmoderator*innen fand im DGH Ahrensmoor statt. Das beauftragte Planungsunternehmen Evers und&#8230;\t\t\t\t<\/div>\n\t\t\t\t\t\t<div class=\"uagb-post__text uagb-post__cta wp-block-button\">\n\t\t\t\t<a class=\"wp-block-button__link uagb-text-link\" style=\"\" href=\"https:\/\/gemeinde.ahlerstedt.de\/?p=32712\" target=\"_self\" rel=\"bookmark noopener noreferrer\">Weiterlesen<\/a>\n\t\t\t<\/div>\n\t\t\t\n\t\t\t\t\t\t\t\t\t<\/article>\n\t\t\t\t\t\t\t\t\t\t\t\t\t\t\t\t<article class=\"uagb-post__inner-wrap\">\t\t\t\t\t\t\t\t<div class='uagb-post__image'>\n\t\t\t\t\t\t\t\t\t<a href=\"https:\/\/gemeinde.ahlerstedt.de\/?p=24941\" target=\"_self\" rel=\"bookmark noopener noreferrer\"><img loading=\"lazy\" decoding=\"async\" width=\"640\" height=\"231\" src=\"https:\/\/gemeinde.ahlerstedt.de\/wp-content\/uploads\/2020\/05\/Logo-Repair-Cafe-1024x369.jpg\" class=\"attachment-large size-large\" alt=\"\" srcset=\"https:\/\/gemeinde.ahlerstedt.de\/wp-content\/uploads\/2020\/05\/Logo-Repair-Cafe-1024x369.jpg 1024w, https:\/\/gemeinde.ahlerstedt.de\/wp-content\/uploads\/2020\/05\/Logo-Repair-Cafe-300x108.jpg 300w, https:\/\/gemeinde.ahlerstedt.de\/wp-content\/uploads\/2020\/05\/Logo-Repair-Cafe-768x276.jpg 768w, https:\/\/gemeinde.ahlerstedt.de\/wp-content\/uploads\/2020\/05\/Logo-Repair-Cafe-1536x553.jpg 1536w, https:\/\/gemeinde.ahlerstedt.de\/wp-content\/uploads\/2020\/05\/Logo-Repair-Cafe-2048x737.jpg 2048w, https:\/\/gemeinde.ahlerstedt.de\/wp-content\/uploads\/2020\/05\/Logo-Repair-Cafe-604x217.jpg 604w, https:\/\/gemeinde.ahlerstedt.de\/wp-content\/uploads\/2020\/05\/Logo-Repair-Cafe-850x306.jpg 850w\" sizes=\"auto, (max-width: 640px) 100vw, 640px\" \/>\t\t\t\t\t<\/a>\n\t\t\t\t\t\t\t\t\t<\/div>\n\t\t\t\t\t\t<h4 class=\"uagb-post__title uagb-post__text\">\n\t\t\t\t<a href=\"https:\/\/gemeinde.ahlerstedt.de\/?p=24941\" target=\"_self\" rel=\"bookmark noopener noreferrer\">Repair Caf\u00e9<\/a>\n\t\t\t<\/h4>\n\t\t\t\t\t\t<div class='uagb-post__text uagb-post-grid-byline'>\n\t\t\t\t\t\t\t\t<time datetime=\"2020-10-01T13:00:00+02:00\" class=\"uagb-post__date\">\n\t\t\t\t<span class=\"dashicons-calendar dashicons\"><\/span>\t\t\t\t\t1. Oktober 2020\t\t\t\t<\/time>\n\t\t\t\t\t\t<\/div>\n\t\t\t\t\t\t\t<div class='uagb-post__text uagb-post__excerpt'>\n\t\t\t\t\t<p>Reparieren statt wegwerfen Im Rahmen der sozialen Dorfentwicklung haben sich Ehrenamtliche gefunden, die mit handwerklichem&#8230;\t\t\t\t<\/div>\n\t\t\t\t\t\t<div class=\"uagb-post__text uagb-post__cta wp-block-button\">\n\t\t\t\t<a class=\"wp-block-button__link uagb-text-link\" style=\"\" href=\"https:\/\/gemeinde.ahlerstedt.de\/?p=24941\" target=\"_self\" rel=\"bookmark noopener noreferrer\">Weiterlesen<\/a>\n\t\t\t<\/div>\n\t\t\t\n\t\t\t\t\t\t\t\t\t<\/article>\n\t\t\t\t\t\t\t\t\t\t\t\t\t\t\t\t<article class=\"uagb-post__inner-wrap\">\t\t\t\t\t\t\t\t<h4 class=\"uagb-post__title uagb-post__text\">\n\t\t\t\t<a href=\"https:\/\/gemeinde.ahlerstedt.de\/?p=32707\" target=\"_self\" rel=\"bookmark noopener noreferrer\">F\u00f6rdergelder f\u00fcr Privatpersonen<\/a>\n\t\t\t<\/h4>\n\t\t\t\t\t\t<div class='uagb-post__text uagb-post-grid-byline'>\n\t\t\t\t\t\t\t\t<time datetime=\"2024-07-12T20:44:48+02:00\" class=\"uagb-post__date\">\n\t\t\t\t<span class=\"dashicons-calendar dashicons\"><\/span>\t\t\t\t\t12. Juli 2024\t\t\t\t<\/time>\n\t\t\t\t\t\t<\/div>\n\t\t\t\t\t\t\t<div class='uagb-post__text uagb-post__excerpt'>\n\t\t\t\t\t<p>Was ist f\u00f6rderf\u00e4hig? Als Privatma\u00dfnahmen k\u00f6nnen z.B. Renovierungen von Elementen ortsbildpr\u00e4gender Geb\u00e4ude wie Dacheindeckungen, Dachkonstruktionen,&#8230;\t\t\t\t<\/div>\n\t\t\t\t\t\t<div class=\"uagb-post__text uagb-post__cta wp-block-button\">\n\t\t\t\t<a class=\"wp-block-button__link uagb-text-link\" style=\"\" href=\"https:\/\/gemeinde.ahlerstedt.de\/?p=32707\" target=\"_self\" rel=\"bookmark noopener noreferrer\">Weiterlesen<\/a>\n\t\t\t<\/div>\n\t\t\t\n\t\t\t\t\t\t\t\t\t<\/article>\n\t\t\t\t\t\t\t\t\t\t\t<\/div>\n\t\t\t\n\n\n\n\n<p><\/p>\n","protected":false},"excerpt":{"rendered":"<p>Unsere aktuellen Themen<\/p>\n","protected":false},"author":2,"featured_media":0,"parent":0,"menu_order":0,"comment_status":"closed","ping_status":"closed","template":"template-right-sidebar.php","meta":{"_uag_custom_page_level_css":"","footnotes":""},"class_list":["post-17","page","type-page","status-publish","hentry"],"uagb_featured_image_src":{"full":false,"thumbnail":false,"medium":false,"medium_large":false,"large":false,"1536x1536":false,"2048x2048":false,"post-thumbnail":false,"nisargpro-full-width":false},"uagb_author_info":{"display_name":"S\u00f6ren Arndt","author_link":"https:\/\/gemeinde.ahlerstedt.de\/?author=2"},"uagb_comment_info":0,"uagb_excerpt":"Unsere aktuellen Themen","_links":{"self":[{"href":"https:\/\/gemeinde.ahlerstedt.de\/index.php?rest_route=\/wp\/v2\/pages\/17","targetHints":{"allow":["GET"]}}],"collection":[{"href":"https:\/\/gemeinde.ahlerstedt.de\/index.php?rest_route=\/wp\/v2\/pages"}],"about":[{"href":"https:\/\/gemeinde.ahlerstedt.de\/index.php?rest_route=\/wp\/v2\/types\/page"}],"author":[{"embeddable":true,"href":"https:\/\/gemeinde.ahlerstedt.de\/index.php?rest_route=\/wp\/v2\/users\/2"}],"replies":[{"embeddable":true,"href":"https:\/\/gemeinde.ahlerstedt.de\/index.php?rest_route=%2Fwp%2Fv2%2Fcomments&post=17"}],"version-history":[{"count":36,"href":"https:\/\/gemeinde.ahlerstedt.de\/index.php?rest_route=\/wp\/v2\/pages\/17\/revisions"}],"predecessor-version":[{"id":32396,"href":"https:\/\/gemeinde.ahlerstedt.de\/index.php?rest_route=\/wp\/v2\/pages\/17\/revisions\/32396"}],"wp:attachment":[{"href":"https:\/\/gemeinde.ahlerstedt.de\/index.php?rest_route=%2Fwp%2Fv2%2Fmedia&parent=17"}],"curies":[{"name":"wp","href":"https:\/\/api.w.org\/{rel}","templated":true}]}}