{"id":17592,"date":"2020-03-29T16:18:41","date_gmt":"2020-03-29T14:18:41","guid":{"rendered":"http:\/\/gemeinde.ahlerstedt.de\/?page_id=17592"},"modified":"2020-03-29T16:18:42","modified_gmt":"2020-03-29T14:18:42","slug":"impressum-und-datenschutz","status":"publish","type":"page","link":"https:\/\/gemeinde.ahlerstedt.de\/?page_id=17592","title":{"rendered":"Impressum und Datenschutz"},"content":{"rendered":"\n<p>Das Internetportal&nbsp;&nbsp;<a href=\"https:\/\/www.harsefeld.de\/\"><strong>gemeinde.ahlerstedt.de<\/strong><\/a>&nbsp;ist der offizielle Informationsservice der Sozialen Dorftentwicklung Gemeinde Ahlerstedt im World Wide Web.<\/p>\n\n\n\n<p><strong>Angaben gem\u00e4\u00df \u00a7 5 TMG:<\/strong><\/p>\n\n\n\n<p>Gemeinde Ahlerstedt<br>Kakerbecker Str. 1<br>21702 Ahlerstedt<\/p>\n\n\n\n<p>Die Gemeinde Ahlerstedt ist eine Gebietsk\u00f6rperschaft des \u00d6ffentlichen Rechts.<\/p>\n\n\n\n<p><strong>Vertreten durch:<\/strong><\/p>\n\n\n\n<p>Gemeindeb\u00fcrgermeister<br>Uwe Arndt<\/p>\n\n\n\n<p><strong>Kontakt:<\/strong><\/p>\n\n\n\n<p>Telefon: +49 (0) 4166 841191<br>Telefax: +49 (0) 4166 841193<br><strong>Aufsichtsbeh\u00f6rde:<\/strong><\/p>\n\n\n\n<p>Landkreis Stade<\/p>\n\n\n\n<p><strong>Verantwortlich f\u00fcr den Inhalt nach \u00a7 55 Abs. 2 RStV:<\/strong><\/p>\n\n\n\n<p>Uwe Arndt<br>Gemeindeb\u00fcrgermeister<br>Kakerbecker Str. 1<br>21702 Ahlerstedt<\/p>\n\n\n\n<p><strong>Zust\u00e4ndiges Amtsgericht:<br><\/strong>Amtsgericht Buxtehude<br>Bahnhofstra\u00dfe 4<br>21614 Buxtehude<\/p>\n\n\n\n<p><strong>Datenschutzbeauftragter:<\/strong><\/p>\n\n\n\n<p>Die Gemeinde Ahlerstedt ist Mitgliedsgemeinde der Samtgemeinde Harsefeld und Gebietsk\u00f6rperschaft des \u00d6ffentlichen Rechts.<\/p>\n\n\n\n<p>E-Mail:&nbsp;<a href=\"mailto:datenschutz@harsefeld.de\"><strong>datenschutz@harsefeld.de<\/strong><\/a><\/p>\n\n\n\n<p><strong><br>Haftungsausschluss (Disclaimer)<br><\/strong><br><strong>Haftung f\u00fcr Inhalte:<\/strong><\/p>\n\n\n\n<p>Die Gemeinde Ahlerstedt ist gem\u00e4\u00df \u00a7 7 Abs. 1 TMG f\u00fcr ihre eigenen Internetseiten und deren Inhalte, die sie zur Nutzung bereith\u00e4lt, nach den allgemeinen Gesetzen verantwortlich.<br>Als Diensteanbieter ist die Gemeinde Ahlerstedt allerdings nicht verpflichtet, \u00fcbermittelte oder fremde gespeicherte Inhalte und Informationen zu \u00fcberwachen oder auf Umst\u00e4nde, die auf rechtswidrige T\u00e4tigkeiten hinweisen, nachzuforschen.<br>Nach den allgemeinen Gesetzen bleiben Verpflichtungen zur Entfernung oder die Sperrung der Nutzung von Informationen hiervon unber\u00fchrt.<br>Eine Haftung diesbez\u00fcglich ist allerdings erst ab dem Zeitpunkt der Kenntisnahme einer konkreten Rechtsverletzung m\u00f6glich. Werden entsprechende Rechtsverletzungen bekannt, werden diese Inhalte unverz\u00fcglich entfernt.<\/p>\n\n\n\n<p><strong>Haftung f\u00fcr Links:<\/strong><\/p>\n\n\n\n<p>Die Gemeinde Ahlerstedt ist f\u00fcr ihre eigenen Internetseiten und deren Inhalte, die sie zur Nutzung bereith\u00e4lt, nach den allgemeinen Gesetzen verantwortlich. Von den eigenen Internetseiten k\u00f6nnen Querverweise \u201cLinks\u201d, auf die von anderen externen Anbietern bereitgehaltenen Internetseiten eingebunden sein, auf deren Inhalte und Gestaltung die Gemeinde Ahlerstedt keinen Einfluss hat. F\u00fcr diese fremden Inhalte kann die Gemeinde Ahlerstedt keine Gew\u00e4hr \u00fcbernehmen. Hierf\u00fcr ist der jeweilige Anbieter oder Betreiber der Seiten verantwortlich.<br>Die Gemeinde Ahlerstedt hat bei der erstmaligen Verlinkung die fremden Inhalte auf m\u00f6gliche Rechtsverst\u00f6\u00dfe \u00fcberpr\u00fcft. Zu diesem Zeitpunkt waren keine rechtswidrigen Inhalte erkennbar.<br>Allerdings ist eine permanente Kontrolle auf rechtswidrige Inhalte ohne konkrete Anhaltspunkte einer Rechtsverletzung nicht zumutbar. Sollte die Gemeinde Ahlerstedt \u00fcber entsprechende Rechtsverletzungen Kenntnis erlangen, werden diese Verlinkungen umgehend entfernt.<\/p>\n\n\n\n<p><strong>Urheberrechte<\/strong><\/p>\n\n\n\n<p>Die auf diesen Seiten von der Gemeinde Ahlerstedt erstellten Inhalte und Werke unterliegen dem deutschen Urheberrecht. Die Vervielf\u00e4ltigung, Bearbeitung, Verbreitung und jede Art der Verwertung au\u00dferhalb der Grenzen des Urheberrechtes bed\u00fcrfen der schriftlichen Zustimmung des jeweiligen Erstellers bzw. Autors. Kopien dieser Seite und Downloads sind ausschlie\u00dflich f\u00fcr den privaten, nicht kommerziellen Gebrauch gestattet. Soweit die Inhalte auf diesen Seiten nicht von der Gemeinde Ahlerstedt erstellt wurden, werden die Urheberrechte Dritter beachtet. Insbesondere werden Inhalte Dritter als solche gekennzeichnet. Sollte jemand trotzdem auf eine Urheberrechtsverletzung aufmerksam werden, bitten wir um einen entsprechenden Hinweis. Sofern die Gemeinde Ahlerstedt von einer Rechtsverletzung Kenntnis erlangt, werden derartige Inhalte unverz\u00fcglich entfernt.<\/p>\n\n\n\n<p>\u00a9 2018 Copyrights reserved \u2013 Alle Inhalte, insbesondere Bilder, Fotografien, Grafiken sowie Texte sind urheberrechtlich gesch\u00fctzt.<a href=\"https:\/\/gemeinde.ahlerstedt.de\/impressum-datenschutz\/#wp-toolbar\">Zur Werkzeugleiste springen<\/a><\/p>\n","protected":false},"excerpt":{"rendered":"<p>Das Internetportal&nbsp;&nbsp;gemeinde.ahlerstedt.de&nbsp;ist der offizielle Informationsservice der Sozialen Dorftentwicklung Gemeinde Ahlerstedt im World Wide Web. Angaben gem\u00e4\u00df \u00a7 5 TMG: Gemeinde AhlerstedtKakerbecker Str. 121702 Ahlerstedt Die Gemeinde Ahlerstedt ist eine Gebietsk\u00f6rperschaft des \u00d6ffentlichen Rechts. Vertreten durch: Gemeindeb\u00fcrgermeisterUwe Arndt Kontakt: Telefon: +49 (0) 4166 841191Telefax: +49 (0) 4166 841193Aufsichtsbeh\u00f6rde: Landkreis Stade Verantwortlich f\u00fcr den Inhalt nach&#8230;<\/p>\n<p class=\"read-more\"><a class=\"btn btn-default\" href=\"https:\/\/gemeinde.ahlerstedt.de\/?page_id=17592\">Weiterlesen<span class=\"screen-reader-text\"> Weiterlesen<\/span><\/a><\/p>\n","protected":false},"author":2,"featured_media":0,"parent":0,"menu_order":0,"comment_status":"closed","ping_status":"closed","template":"","meta":{"_uag_custom_page_level_css":"","footnotes":""},"class_list":["post-17592","page","type-page","status-publish","hentry"],"uagb_featured_image_src":{"full":false,"thumbnail":false,"medium":false,"medium_large":false,"large":false,"1536x1536":false,"2048x2048":false,"post-thumbnail":false,"nisargpro-full-width":false},"uagb_author_info":{"display_name":"S\u00f6ren Arndt","author_link":"https:\/\/gemeinde.ahlerstedt.de\/?author=2"},"uagb_comment_info":0,"uagb_excerpt":"Das Internetportal&nbsp;&nbsp;gemeinde.ahlerstedt.de&nbsp;ist der offizielle Informationsservice der Sozialen Dorftentwicklung Gemeinde Ahlerstedt im World Wide Web. Angaben gem\u00e4\u00df \u00a7 5 TMG: Gemeinde AhlerstedtKakerbecker Str. 121702 Ahlerstedt Die Gemeinde Ahlerstedt ist eine Gebietsk\u00f6rperschaft des \u00d6ffentlichen Rechts. Vertreten durch: Gemeindeb\u00fcrgermeisterUwe Arndt Kontakt: Telefon: +49 (0) 4166 841191Telefax: +49 (0) 4166 841193Aufsichtsbeh\u00f6rde: Landkreis Stade Verantwortlich f\u00fcr den Inhalt nach...Weiterlesen Weiterlesen","_links":{"self":[{"href":"https:\/\/gemeinde.ahlerstedt.de\/index.php?rest_route=\/wp\/v2\/pages\/17592","targetHints":{"allow":["GET"]}}],"collection":[{"href":"https:\/\/gemeinde.ahlerstedt.de\/index.php?rest_route=\/wp\/v2\/pages"}],"about":[{"href":"https:\/\/gemeinde.ahlerstedt.de\/index.php?rest_route=\/wp\/v2\/types\/page"}],"author":[{"embeddable":true,"href":"https:\/\/gemeinde.ahlerstedt.de\/index.php?rest_route=\/wp\/v2\/users\/2"}],"replies":[{"embeddable":true,"href":"https:\/\/gemeinde.ahlerstedt.de\/index.php?rest_route=%2Fwp%2Fv2%2Fcomments&post=17592"}],"version-history":[{"count":1,"href":"https:\/\/gemeinde.ahlerstedt.de\/index.php?rest_route=\/wp\/v2\/pages\/17592\/revisions"}],"predecessor-version":[{"id":17593,"href":"https:\/\/gemeinde.ahlerstedt.de\/index.php?rest_route=\/wp\/v2\/pages\/17592\/revisions\/17593"}],"wp:attachment":[{"href":"https:\/\/gemeinde.ahlerstedt.de\/index.php?rest_route=%2Fwp%2Fv2%2Fmedia&parent=17592"}],"curies":[{"name":"wp","href":"https:\/\/api.w.org\/{rel}","templated":true}]}}